{"id":8064,"date":"2022-04-06T14:46:33","date_gmt":"2022-04-06T14:46:33","guid":{"rendered":"https:\/\/staging.liquid-themes.com\/arc-interiordesign2\/?page_id=8064"},"modified":"2026-04-14T00:33:33","modified_gmt":"2026-04-14T03:33:33","slug":"contact","status":"publish","type":"page","link":"https:\/\/companiadelsur.com\/?page_id=8064","title":{"rendered":"Contacto"},"content":{"rendered":"<div class=\"wpb-content-wrapper\"><p>[vc_row][vc_column width=&#8221;1\/12&#8243;][\/vc_column][vc_column width=&#8221;5\/6&#8243;][vc_column_text css=&#8221;&#8221;]<\/p>\n<h5><strong>Servicios<\/strong><\/h5>\n<h2>\u00bfTienes alg\u00fan proyecto en mente?<br \/>\nNos encantar\u00eda saber de ti.<\/h2>\n<p>Damos vida a las marcas desde la verdad de las personas.<br \/>\nFusionamos mirada cinematogr\u00e1fica, insight cultural y estrategia para crear historias que trascienden<\/p>\n<p>Compa\u00f1\u00eda del Sur Film &amp; Production<\/p>\n<h2><b>Transformamos ideas en historias que perduran.<\/b><\/h2>\n<p>\u00bfTienes un proyecto en mente? \/ Env\u00edanos un mensaje.<\/p>\n<p>info@companiadelsur.com \/ +56 9 4489 2112[\/vc_column_text][vc_separator color=&#8221;custom&#8221; accent_color=&#8221;#DD9933&#8243;][\/vc_column][vc_column width=&#8221;1\/12&#8243;][\/vc_column][\/vc_row][vc_row][vc_column][vc_column_text css=&#8221;&#8221;]<\/p>\n<style>.elementor-8081 .elementor-element.elementor-element-dd8f216 > .elementor-container{max-width:970px;}.elementor-8081 .elementor-element.elementor-element-dd8f216 > .elementor-container > .elementor-column > .elementor-widget-wrap{align-content:center;align-items:center;}.elementor-8081 .elementor-element.elementor-element-dd8f216:not(.elementor-motion-effects-element-type-background), .elementor-8081 .elementor-element.elementor-element-dd8f216 > .elementor-motion-effects-container > .elementor-motion-effects-layer{background-image:url(\"https:\/\/companiadelsur.com\/wp-content\/uploads\/2022\/04\/modal-bg.jpg\");background-position:-500px 0vh;background-repeat:no-repeat;background-size:contain;}.elementor-8081 .elementor-element.elementor-element-dd8f216{transition:background 0.3s, border 0.3s, border-radius 0.3s, box-shadow 0.3s;}.elementor-8081 .elementor-element.elementor-element-dd8f216 > .elementor-background-overlay{transition:background 0.3s, border-radius 0.3s, opacity 0.3s;}.elementor-8081 .elementor-element.elementor-element-2c3c1df5 .lqd-contact-form{--inputs-margin:0px 0px 0px 0px;--input-margin-bottom:0px;}.elementor-8081 .elementor-element.elementor-element-2c3c1df5 input:not([type=submit]),.elementor-8081 .elementor-element.elementor-element-2c3c1df5 textarea,.elementor-8081 .elementor-element.elementor-element-2c3c1df5 .lqd-contact-form select,.elementor-8081 .elementor-element.elementor-element-2c3c1df5 .ui-button.ui-selectmenu-button{font-size:18px;}.elementor-8081 .elementor-element.elementor-element-2c3c1df5 .wpcf7-submit{font-size:16px;}.elementor-8081 .elementor-element.elementor-element-2c3c1df5 input:not([type=submit]), .elementor-8081 .elementor-element.elementor-element-2c3c1df5 textarea, .elementor-8081 .elementor-element.elementor-element-2c3c1df5 .lqd-contact-form select, .elementor-8081 .elementor-element.elementor-element-2c3c1df5 .ui-button.ui-selectmenu-button, .elementor-8081 .elementor-element.elementor-element-2c3c1df5 .wpcf7-radio{color:#BAB6B6;}.elementor-8081 .elementor-element.elementor-element-2c3c1df5 input[type=submit]{background:#000000;}.elementor-8081 .elementor-element.elementor-element-2c3c1df5 input:not([type=submit]):focus, textarea:focus, .lqd-contact-form select:focus, .ui-button.ui-selectmenu-button:focus{color:#000000;}@media(max-width:1024px){.elementor-8081 .elementor-element.elementor-element-dd8f216:not(.elementor-motion-effects-element-type-background), .elementor-8081 .elementor-element.elementor-element-dd8f216 > .elementor-motion-effects-container > .elementor-motion-effects-layer{background-position:0% 0vh;}}@media(max-width:767px){.elementor-8081 .elementor-element.elementor-element-dd8f216:not(.elementor-motion-effects-element-type-background), .elementor-8081 .elementor-element.elementor-element-dd8f216 > .elementor-motion-effects-container > .elementor-motion-effects-layer{background-position:0% 0vh;}}<\/style>\n<section data-id=\"dd8f216\" data-element_type=\"section\" data-settings=\"{&quot;background_background&quot;:&quot;classic&quot;}\">\n<form action=\"\/wp-admin\/admin-ajax.php#wpcf7-f6-o1\" method=\"post\" novalidate=\"novalidate\" aria-label=\"Formulario de contacto\" data-status=\"init\">\n<fieldset><input name=\"_wpcf7\" type=\"hidden\" value=\"6\" \/><input name=\"_wpcf7_version\" type=\"hidden\" value=\"6.1.2\" \/><input name=\"_wpcf7_locale\" type=\"hidden\" value=\"es_AR\" \/><input name=\"_wpcf7_unit_tag\" type=\"hidden\" value=\"wpcf7-f6-o1\" \/><input name=\"_wpcf7_container_post\" type=\"hidden\" value=\"0\" \/><input name=\"_wpcf7_posted_data_hash\" type=\"hidden\" value=\"\" \/><\/fieldset>\n<p><label> Tu nombre<br \/>\n<input autocomplete=\"name\" maxlength=\"400\" name=\"your-name\" size=\"40\" type=\"text\" value=\"\" aria-required=\"true\" aria-invalid=\"false\" \/> <\/label><\/p>\n<p><label> Tu correo electr\u00f3nico<br \/>\n<input autocomplete=\"email\" maxlength=\"400\" name=\"your-email\" size=\"40\" type=\"email\" value=\"\" aria-required=\"true\" aria-invalid=\"false\" \/> <\/label><\/p>\n<p><label> Asunto<br \/>\n<input maxlength=\"400\" name=\"your-subject\" size=\"40\" type=\"text\" value=\"\" aria-required=\"true\" aria-invalid=\"false\" \/> <\/label><\/p>\n<p><label> Tu mensaje (opcional)<br \/>\n<textarea cols=\"40\" maxlength=\"2000\" name=\"your-message\" rows=\"10\" aria-invalid=\"false\"><\/textarea> <\/label><\/p>\n<p><input type=\"submit\" value=\"Enviar\" \/><\/p>\n<\/form>\n<\/section>\n<form action=\"\/wp-admin\/admin-ajax.php#wpcf7-f8073-o2\" method=\"post\" novalidate=\"novalidate\" aria-label=\"Contact form\" data-status=\"init\">\n<fieldset><input name=\"_wpcf7\" type=\"hidden\" value=\"8073\" \/><input name=\"_wpcf7_version\" type=\"hidden\" value=\"6.1.2\" \/><input name=\"_wpcf7_locale\" type=\"hidden\" value=\"en_US\" \/><input name=\"_wpcf7_unit_tag\" type=\"hidden\" value=\"wpcf7-f8073-o2\" \/><input name=\"_wpcf7_container_post\" type=\"hidden\" value=\"0\" \/><input name=\"_wpcf7_posted_data_hash\" type=\"hidden\" value=\"\" \/><\/fieldset>\n<style>\n@media (max-width:991px){.modal-b{border:1px solid #C6C6C6!important;}}<br \/>.modal-b{<br \/>border:1px solid #C6C6C6;<br \/>}<br \/>.modal-bl-n{<br \/>border-left:none;<br \/>}<br \/>.modal-bb-n{<br \/>border-bottom:none;<br \/>}<br \/>.modal-p{<br \/>padding:20px 10px 15px 20px;<br \/>background:#fff;<br \/>}<br \/>.modal-text{<br \/>margin: 0; color: #4B4B4C; font-size: 14px;<br \/>}<br \/><\/style>\n<p>Nice to meet you<\/p>\n<p><input maxlength=\"400\" name=\"name-619\" size=\"40\" type=\"text\" value=\"\" placeholder=\"What\u2019s your name?\" aria-required=\"true\" aria-invalid=\"false\" \/><\/p>\n<p>Email address<\/p>\n<p><input maxlength=\"400\" name=\"email-899\" size=\"40\" type=\"email\" value=\"\" placeholder=\"Enter your email address\" aria-required=\"true\" aria-invalid=\"false\" \/><\/p>\n<p>Optional<\/p>\n<p><input maxlength=\"400\" name=\"tel-785\" size=\"40\" type=\"tel\" value=\"\" placeholder=\"Your phone number\" aria-invalid=\"false\" \/><\/p>\n<p>Subject<\/p>\n<p><select name=\"subject-250\" aria-required=\"true\" aria-invalid=\"false\"><option value=\"How can we help you?\">How can we help you?<\/option><option value=\"Subject 1\">Subject 1<\/option><option value=\"Subject 2\">Subject 2<\/option><option value=\"Subject 3\">Subject 3<\/option><\/select><\/p>\n<p>Budget<\/p>\n<p><select name=\"budget-251\" aria-required=\"true\" aria-invalid=\"false\"><option value=\"Your budget\">Your budget<\/option><option value=\"&lt; 10000\">&lt; 10000<\/option><option value=\"&lt; 20000\">&lt; 20000<\/option><option value=\"&lt; 30000\">&lt; 30000<\/option><\/select><\/p>\n<p>Interested Service<\/p>\n<p><input maxlength=\"400\" name=\"text-992\" size=\"40\" type=\"text\" value=\"\" placeholder=\"Construction\" aria-required=\"true\" aria-invalid=\"false\" \/><\/p>\n<p>Your name<\/p>\n<p><textarea cols=\"10\" maxlength=\"2000\" name=\"message-889\" rows=\"5\" placeholder=\"Tell us about your project\" aria-required=\"true\" aria-invalid=\"false\"><\/textarea><\/p>\n<p><label><input name=\"acceptance-666\" type=\"checkbox\" value=\"1\" aria-invalid=\"false\" \/>I am bound by the terms of the Service I accept Privacy Policy<\/label><\/p>\n<p><input type=\"submit\" value=\"Send Message\" \/><\/p>\n<\/form>\n<p>[\/vc_column_text][\/vc_column][\/vc_row]<\/p>\n<\/div>","protected":false},"excerpt":{"rendered":"<p>[vc_row][vc_column width=&#8221;1\/12&#8243;][\/vc_column][vc_column width=&#8221;5\/6&#8243;][vc_column_text css=&#8221;&#8221;] Servicios \u00bfTienes alg\u00fan proyecto en mente? Nos encantar\u00eda saber de ti. Damos vida a las marcas desde la verdad de las personas. Fusionamos mirada cinematogr\u00e1fica, insight cultural y estrategia para crear historias que trascienden Compa\u00f1\u00eda del Sur Film &amp; Production Transformamos ideas en historias que perduran. \u00bfTienes un proyecto en mente? [&hellip;]<\/p>\n","protected":false},"author":1,"featured_media":0,"parent":0,"menu_order":0,"comment_status":"closed","ping_status":"closed","template":"","meta":{"footnotes":""},"class_list":["post-8064","page","type-page","status-publish","hentry"],"_links":{"self":[{"href":"https:\/\/companiadelsur.com\/index.php?rest_route=\/wp\/v2\/pages\/8064","targetHints":{"allow":["GET"]}}],"collection":[{"href":"https:\/\/companiadelsur.com\/index.php?rest_route=\/wp\/v2\/pages"}],"about":[{"href":"https:\/\/companiadelsur.com\/index.php?rest_route=\/wp\/v2\/types\/page"}],"author":[{"embeddable":true,"href":"https:\/\/companiadelsur.com\/index.php?rest_route=\/wp\/v2\/users\/1"}],"replies":[{"embeddable":true,"href":"https:\/\/companiadelsur.com\/index.php?rest_route=%2Fwp%2Fv2%2Fcomments&post=8064"}],"version-history":[{"count":26,"href":"https:\/\/companiadelsur.com\/index.php?rest_route=\/wp\/v2\/pages\/8064\/revisions"}],"predecessor-version":[{"id":9036,"href":"https:\/\/companiadelsur.com\/index.php?rest_route=\/wp\/v2\/pages\/8064\/revisions\/9036"}],"wp:attachment":[{"href":"https:\/\/companiadelsur.com\/index.php?rest_route=%2Fwp%2Fv2%2Fmedia&parent=8064"}],"curies":[{"name":"wp","href":"https:\/\/api.w.org\/{rel}","templated":true}]}}