{"id":8029,"date":"2022-04-06T14:13:26","date_gmt":"2022-04-06T14:13:26","guid":{"rendered":"https:\/\/staging.liquid-themes.com\/arc-interiordesign2\/?page_id=8029"},"modified":"2025-10-11T17:18:42","modified_gmt":"2025-10-11T20:18:42","slug":"services","status":"publish","type":"page","link":"https:\/\/companiadelsur.com\/?page_id=8029","title":{"rendered":"Services"},"content":{"rendered":"<h6  > WHAT WE DO<\/h6>\n<h4  > Transformamos ideas<\/h4>\n<h3  >\n<h1>en im\u00e1genes que inspiran acci\u00f3n<\/h1>\n<\/h3>\n<h6  > Meet w-d-a<\/h6>\n<h2  > En Compa\u00f1\u00eda del Sur Film &amp; Production,<\/h2>\n<h2  > nuestra pasi\u00f3n es contar historias.<\/h2>\n<p  > Desde Chile al mundo, combinamos <b>creatividad, t\u00e9cnica y narrativa para ofrecer servicios audiovisuales integrales:<\/b> cine, series, comerciales, fotograf\u00eda y postproducci\u00f3n. Realizando y elevando cada proyecto, con identidad, calidad y emoci\u00f3n.<\/p>\n<h5  > Projects Completed This Year.<\/h5>\n<p>\t\t\t\t471\t\t\t<\/p>\n<h6  > Nosotros<\/h6>\n<h3  > Contamos historias que se sienten y permanecen.<\/h3>\n<p  > <b>Construimos universos visuales con prop\u00f3sito.<\/b><br \/>\nEn Compa\u00f1\u00eda del Sur unimos narrativa, cultura y estrategia para dar forma a marcas que inspiran y permanecen.<\/p>\n<p>\t\t\t\t\t\t\t\t\t\t\t\t\t\t\t<img loading=\"lazy\" decoding=\"async\" width=\"300\" height=\"82\" src=\"https:\/\/companiadelsur.com\/wp-content\/uploads\/2025\/10\/logo-Compania-del-Sur-300x82-1.png\" alt=\"\" srcset=\"https:\/\/companiadelsur.com\/wp-content\/uploads\/2025\/10\/logo-Compania-del-Sur-300x82-1.png 300w, https:\/\/companiadelsur.com\/wp-content\/uploads\/2025\/10\/elementor\/thumbs\/logo-Compania-del-Sur-300x82-1.png 200w, https:\/\/companiadelsur.com\/wp-content\/uploads\/2025\/10\/elementor\/thumbs\/logo-Compania-del-Sur-300x82-1.png 150w, https:\/\/companiadelsur.com\/wp-content\/uploads\/2025\/10\/elementor\/thumbs\/logo-Compania-del-Sur-300x82-1.png 160w, https:\/\/companiadelsur.com\/wp-content\/uploads\/2025\/10\/elementor\/thumbs\/logo-Compania-del-Sur-300x82-1.png 172w, https:\/\/companiadelsur.com\/wp-content\/uploads\/2025\/10\/elementor\/thumbs\/logo-Compania-del-Sur-300x82-1.png 174w\" sizes=\"auto, (max-width: 300px) 100vw, 300px\" \/>\t\t\t\t\t\t\t\t\t\t\t\t\t\t\t\t<\/p>\n<h3>Nuestros Servicios<\/h3>\n<h4>\n\t\t\t\t\t<a role=\"button\" data-toggle=\"collapse\" \n\t\t\t\t\tdata-parent=\"#accordion-68eabba2c4ffd\" href=\"#collapse-1641\" \n\t\t\t\t\taria-expanded=\"false\" aria-controls=\"collapse-1641\"><br \/>\n\t\t\t\t\t\t\t\t\t\t\t\t1. Desarrollo creativo &amp; guionizaci\u00f3n<br \/>\n\t\t\t\t\t\t\t\t\t\t\t\t\t\t\t\t\t\t\t\t\t\t\t\t<\/a><br \/>\n\t\t\t\t<\/h4>\n<p>Generamos conceptos narrativos, guiones y treatments que conecten con la esencia de tu marca o historia. Nuestro enfoque parte del insight cultural para construir relatos con profundidad.<\/p>\n<h4>\n\t\t\t\t\t<a role=\"button\" data-toggle=\"collapse\" \n\t\t\t\t\tdata-parent=\"#accordion-68eabba2c4ffd\" href=\"#collapse-1642\" \n\t\t\t\t\taria-expanded=\"false\" aria-controls=\"collapse-1642\"><br \/>\n\t\t\t\t\t\t\t\t\t\t\t\t2. Producci\u00f3n cinematogr\u00e1fica &amp; ejecutiva<br \/>\n\t\t\t\t\t\t\t\t\t\t\t\t\t\t\t\t\t\t\t\t\t\t\t\t<\/a><br \/>\n\t\t\t\t<\/h4>\n<p>Gestionamos todas las etapas de rodaje: planificaci\u00f3n, log\u00edstica, locaciones, permisos, direcci\u00f3n t\u00e9cnica, equipo profesional nacional e internacional.<\/p>\n<h4>\n\t\t\t\t\t<a role=\"button\" data-toggle=\"collapse\" \n\t\t\t\t\tdata-parent=\"#accordion-68eabba2c4ffd\" href=\"#collapse-1643\" \n\t\t\t\t\taria-expanded=\"false\" aria-controls=\"collapse-1643\"><br \/>\n\t\t\t\t\t\t\t\t\t\t\t\t3. Producci\u00f3n de series y contenido serializado<br \/>\n\t\t\t\t\t\t\t\t\t\t\t\t\t\t\t\t\t\t\t\t\t\t\t\t<\/a><br \/>\n\t\t\t\t<\/h4>\n<p>Estructuramos proyectos epis\u00f3dicos (series, documentales) con dise\u00f1o de arco narrativo, escaletas, episodios piloto y l\u00edneas de temporada.<\/p>\n<h4>\n\t\t\t\t\t<a role=\"button\" data-toggle=\"collapse\" \n\t\t\t\t\tdata-parent=\"#accordion-68eabba2c4ffd\" href=\"#collapse-1644\" \n\t\t\t\t\taria-expanded=\"false\" aria-controls=\"collapse-1644\"><br \/>\n\t\t\t\t\t\t\t\t\t\t\t\t4. Producci\u00f3n de comerciales &amp; branded content<br \/>\n\t\t\t\t\t\t\t\t\t\t\t\t\t\t\t\t\t\t\t\t\t\t\t\t<\/a><br \/>\n\t\t\t\t<\/h4>\n<p>Creamos piezas publicitarias y contenido de marca que cuenta historias, m\u00e1s all\u00e1 del mensaje promocional. Producci\u00f3n integral: pre, durante y post.<\/p>\n<h4>\n\t\t\t\t\t<a role=\"button\" data-toggle=\"collapse\" \n\t\t\t\t\tdata-parent=\"#accordion-68eabba2c4ffd\" href=\"#collapse-1645\" \n\t\t\t\t\taria-expanded=\"false\" aria-controls=\"collapse-1645\"><br \/>\n\t\t\t\t\t\t\t\t\t\t\t\t5. Fotograf\u00eda profesional y stills de rodaje<br \/>\n\t\t\t\t\t\t\t\t\t\t\t\t\t\t\t\t\t\t\t\t\t\t\t\t<\/a><br \/>\n\t\t\t\t<\/h4>\n<p>Capturamos la esencia visual de tus proyectos con fotograf\u00edas de alta calidad: behind the scenes, imagen corporativa, producci\u00f3n art\u00edstica.<\/p>\n<h4>\n\t\t\t\t\t<a role=\"button\" data-toggle=\"collapse\" \n\t\t\t\t\tdata-parent=\"#accordion-68eabba2c4ffd\" href=\"#collapse-1646\" \n\t\t\t\t\taria-expanded=\"false\" aria-controls=\"collapse-1646\"><br \/>\n\t\t\t\t\t\t\t\t\t\t\t\t6. Direcci\u00f3n &amp; Producci\u00f3n Integral<br \/>\n\t\t\t\t\t\t\t\t\t\t\t\t\t\t\t\t\t\t\t\t\t\t\t\t<\/a><br \/>\n\t\t\t\t<\/h4>\n<p>Desde la idea hasta la pantalla. Convertimos conceptos en narrativas visuales potentes, integrando creatividad, direcci\u00f3n y ejecuci\u00f3n con identidad cinematogr\u00e1fica. Coordinamos cada etapa \u2014desde la direcci\u00f3n de arte hasta la producci\u00f3n en terreno\u2014 para lograr resultados aut\u00e9nticos, precisos y emocionalmente impactantes.<\/p>\n<figure\n\t\t\t\t\t\tclass=\"w-100 pos-rel\"\n\t\t\t\t\t\t\t\t\t\t\t\t\t\t\t\t\t><br \/>\n\t\t\t\t\t\t<img loading=\"lazy\" width=\"1902\" height=\"1300\" src=\"https:\/\/companiadelsur.com\/wp-content\/uploads\/2025\/10\/Pack-Shot-Punti-Ferrer-2.jpg\" alt=\"\" decoding=\"async\" srcset=\"https:\/\/companiadelsur.com\/wp-content\/uploads\/2025\/10\/Pack-Shot-Punti-Ferrer-2.jpg 1902w, https:\/\/companiadelsur.com\/wp-content\/uploads\/2025\/10\/Pack-Shot-Punti-Ferrer-2-300x205.jpg 300w, https:\/\/companiadelsur.com\/wp-content\/uploads\/2025\/10\/Pack-Shot-Punti-Ferrer-2-1024x700.jpg 1024w, https:\/\/companiadelsur.com\/wp-content\/uploads\/2025\/10\/Pack-Shot-Punti-Ferrer-2-1536x1050.jpg 1536w, https:\/\/companiadelsur.com\/wp-content\/uploads\/2025\/10\/Pack-Shot-Punti-Ferrer-2-748x512.jpg 748w, https:\/\/companiadelsur.com\/wp-content\/uploads\/2025\/10\/Pack-Shot-Punti-Ferrer-2-760x520.jpg 760w\" sizes=\"auto, (max-width: 1902px) 100vw, 1902px\" \/>\t\t\t\t\t\t\t\t\t\t\t\t\t\t\t\t\t\t\t\t\t\t\t\t\t\t\t\t\t\t\t\t\t\t\t\t\t\t\t\t\t\t\t\t\t\t\t<\/figure>\n<h6  > Nuestro Proceso<\/h6>\n<h3  > Film &amp; Production<\/h3>\n<p  > <b>Brief &amp; descubrimiento:<\/b> Comprendemos la esencia del proyecto, su prop\u00f3sito y audiencia.<br \/>\n<b>Desarrollo creativo:<\/b> Construimos el concepto, guion y est\u00e9tica visual.<br \/>\n<b>Preproducci\u00f3n:<\/b> Planificamos locaciones, casting, recursos y cronogramas.<br \/>\n<b>Producci\u00f3n:<\/b> Rodaje con equipos de alto est\u00e1ndar t\u00e9cnico y direcci\u00f3n cinematogr\u00e1fica.<br \/>\n<b>Postproducci\u00f3n:<\/b> Montaje, correcci\u00f3n de color, mezcla de sonido y masterizaci\u00f3n.<br \/>\n<b>Entrega &amp; seguimiento:<\/b> Adaptaci\u00f3n a los distintos formatos de distribuci\u00f3n (cine, TV, streaming, digital).<\/p>\n<p>\t\t<a  href=\"#\" data-localscroll=\"true\" data-localscroll-options=\"{&quot;scrollBelowSection&quot;:true}\" ><br \/>\n\t\t\t\t\t\t\t\u2500\u2500\u2003Read More<br \/>\n\t\t\t\t\t\t\t\t<\/a><\/p>\n<figure\n\t\t\t\t\t\tclass=\"w-100 pos-rel\"\n\t\t\t\t\t\t\t\t\t\t\t\t\t\t\t\t\t><br \/>\n\t\t\t\t\t\t<img loading=\"lazy\" width=\"1902\" height=\"1300\" src=\"https:\/\/companiadelsur.com\/wp-content\/uploads\/2022\/04\/2.jpg\" alt=\"\" decoding=\"async\" srcset=\"https:\/\/companiadelsur.com\/wp-content\/uploads\/2022\/04\/2.jpg 1902w, https:\/\/companiadelsur.com\/wp-content\/uploads\/2022\/04\/2-300x205.jpg 300w, https:\/\/companiadelsur.com\/wp-content\/uploads\/2022\/04\/2-1024x700.jpg 1024w, https:\/\/companiadelsur.com\/wp-content\/uploads\/2022\/04\/2-1536x1050.jpg 1536w, https:\/\/companiadelsur.com\/wp-content\/uploads\/2022\/04\/2-748x512.jpg 748w, https:\/\/companiadelsur.com\/wp-content\/uploads\/2022\/04\/2-760x520.jpg 760w\" sizes=\"auto, (max-width: 1902px) 100vw, 1902px\" \/>\t\t\t\t\t\t\t\t\t\t\t\t\t\t\t\t\t\t\t\t\t\t\t\t\t\t\t\t\t\t\t\t\t\t\t\t\t\t\t\t\t\t\t\t\t\t\t<\/figure>\n<h6  > Lo que nos diferencia<\/h6>\n<h3  > Film &amp; Production<\/h3>\n<p  > &#8211; Experiencia nacional e internacional en cine, publicidad y documental.<br \/>\n&#8211; Mirada cinematogr\u00e1fica aplicada a marcas y narrativas visuales.<br \/>\n&#8211; Capacidad para traducir conceptos complejos en emociones e identidad.<br \/>\n&#8211; Producciones escalables, desde piezas \u00e1giles hasta grandes rodajes.<br \/>\n&#8211; Compromiso con la autenticidad, la calidad visual y la coherencia est\u00e9tica.<\/p>\n<p>\t\t<a  href=\"#\" data-localscroll=\"true\" data-localscroll-options=\"{&quot;scrollBelowSection&quot;:true}\" ><br \/>\n\t\t\t\t\t\t\t\u2500\u2500\u2003Read More<br \/>\n\t\t\t\t\t\t\t\t<\/a><br \/>\n\t\t\t\t30+\t\t\t<\/p>\n<p  > <b>Years of experience.<\/b> Urban design draws together the many strands of place-making, <\/p>\n<p>\t\t\t\t80%\t\t\t<\/p>\n<p  > <b>Years of experience.<\/b> Urban design draws together the many strands of place-making, <\/p>\n<p>\t\t\t\t348m\t\t\t<\/p>\n<p  > <b>Years of experience.<\/b> Urban design draws together the many strands of place-making, <\/p>\n<p>\t\t\t Looking for collaboration?<br \/>\n\t\t\t Contact Us<br \/>\n\t\t\t I\u2019m interested in <br \/>\nworking together<br \/>\n\t\t\t +1 827 48 89<br \/>\n\t\t\t Have a project in mind?<br \/>\nSend a message.<br \/>\n\t\t\t info@hub.com<\/p>\n","protected":false},"excerpt":{"rendered":"<p>WHAT WE DO Transformamos ideas en im\u00e1genes que inspiran acci\u00f3n Meet w-d-a En Compa\u00f1\u00eda del Sur Film &amp; Production, nuestra pasi\u00f3n es contar historias. Desde Chile al mundo, combinamos creatividad, t\u00e9cnica y narrativa para ofrecer servicios audiovisuales integrales: cine, series, comerciales, fotograf\u00eda y postproducci\u00f3n. Realizando y elevando cada proyecto, con identidad, calidad y emoci\u00f3n. Projects [&hellip;]<\/p>\n","protected":false},"author":1,"featured_media":0,"parent":0,"menu_order":0,"comment_status":"closed","ping_status":"closed","template":"","meta":{"footnotes":""},"class_list":["post-8029","page","type-page","status-publish","hentry"],"_links":{"self":[{"href":"https:\/\/companiadelsur.com\/index.php?rest_route=\/wp\/v2\/pages\/8029","targetHints":{"allow":["GET"]}}],"collection":[{"href":"https:\/\/companiadelsur.com\/index.php?rest_route=\/wp\/v2\/pages"}],"about":[{"href":"https:\/\/companiadelsur.com\/index.php?rest_route=\/wp\/v2\/types\/page"}],"author":[{"embeddable":true,"href":"https:\/\/companiadelsur.com\/index.php?rest_route=\/wp\/v2\/users\/1"}],"replies":[{"embeddable":true,"href":"https:\/\/companiadelsur.com\/index.php?rest_route=%2Fwp%2Fv2%2Fcomments&post=8029"}],"version-history":[{"count":91,"href":"https:\/\/companiadelsur.com\/index.php?rest_route=\/wp\/v2\/pages\/8029\/revisions"}],"predecessor-version":[{"id":8976,"href":"https:\/\/companiadelsur.com\/index.php?rest_route=\/wp\/v2\/pages\/8029\/revisions\/8976"}],"wp:attachment":[{"href":"https:\/\/companiadelsur.com\/index.php?rest_route=%2Fwp%2Fv2%2Fmedia&parent=8029"}],"curies":[{"name":"wp","href":"https:\/\/api.w.org\/{rel}","templated":true}]}}