{"id":12,"date":"2022-03-04T13:32:26","date_gmt":"2022-03-04T13:32:26","guid":{"rendered":"https:\/\/staging.liquid-themes.com\/arc-interiordesign2\/?page_id=12"},"modified":"2026-04-12T18:34:14","modified_gmt":"2026-04-12T21:34:14","slug":"homepage","status":"publish","type":"page","link":"https:\/\/companiadelsur.com\/","title":{"rendered":"Homepage"},"content":{"rendered":"<div class=\"wpb-content-wrapper\"><p>[vc_row][vc_column]\t<!-- Element: OT Image Carousel -->\n    <div class=\"image__carousel-wrap\" data-autoplay=\"false\">\n\t\t<div class=\"image__carousel-sync1 owl-carousel\">\n\t    \t\t            <img decoding=\"async\" src=\"https:\/\/companiadelsur.com\/wp-content\/uploads\/2025\/10\/cropped-Ico-Compania-del-Sur_a.png\" alt=\"cropped-Ico-Compania-del-Sur_a.png\">\n            \t            <img decoding=\"async\" src=\"https:\/\/companiadelsur.com\/wp-content\/uploads\/2025\/10\/Pack-Shot-Punti-Ferrer-2-1024x700.jpg\" alt=\"Pack Shot Punti Ferrer 2\">\n            \t            <img decoding=\"async\" src=\"https:\/\/companiadelsur.com\/wp-content\/uploads\/2025\/10\/img-1@2x1-1024x585.jpg\" alt=\"img-1@2x1\">\n            \t            <img decoding=\"async\" src=\"https:\/\/companiadelsur.com\/wp-content\/uploads\/2025\/10\/slide2-Jaguar-S-Type-2000-1024x477.jpg\" alt=\"slide2-Jaguar S-Type 2000\">\n            \t\t<\/div>\n\t\t<div class=\"image__carousel-sync2 owl-carousel\">\n\t\t\t\t            <img decoding=\"async\" src=\"https:\/\/companiadelsur.com\/wp-content\/uploads\/2025\/10\/cropped-Ico-Compania-del-Sur_a-300x300.png\" alt=\"cropped-Ico-Compania-del-Sur_a.png\">\n            \t            <img decoding=\"async\" src=\"https:\/\/companiadelsur.com\/wp-content\/uploads\/2025\/10\/Pack-Shot-Punti-Ferrer-2-300x205.jpg\" alt=\"Pack Shot Punti Ferrer 2\">\n            \t            <img decoding=\"async\" src=\"https:\/\/companiadelsur.com\/wp-content\/uploads\/2025\/10\/img-1@2x1-300x171.jpg\" alt=\"img-1@2x1\">\n            \t            <img decoding=\"async\" src=\"https:\/\/companiadelsur.com\/wp-content\/uploads\/2025\/10\/slide2-Jaguar-S-Type-2000-300x140.jpg\" alt=\"slide2-Jaguar S-Type 2000\">\n            \t\n\t\t<\/div>\n\t<\/div>\n\n \t<!-- Element: OT Simple Slider -->\n    <div class=\"simple__slider\">\n                    <img decoding=\"async\" src=\"https:\/\/companiadelsur.com\/wp-content\/uploads\/2025\/10\/slide2-Jaguar-S-Type-2000.jpg\" alt=\"slide2-Jaguar S-Type 2000\" class=\"img-circle img-responsive\">\n                    <img decoding=\"async\" src=\"https:\/\/companiadelsur.com\/wp-content\/uploads\/2025\/10\/img-1@2x1.jpg\" alt=\"img-1@2x1\" class=\"img-circle img-responsive\">\n                    <img decoding=\"async\" src=\"https:\/\/companiadelsur.com\/wp-content\/uploads\/2025\/10\/slide2-3-Arri.jpg\" alt=\"slide2-3 Arri\" class=\"img-circle img-responsive\">\n            <\/div>    \n[\/vc_column][\/vc_row][vc_row][vc_column][vc_column_text]<\/p>\n<h1 data-split-text=\"true\" data-split-options=\"{&quot;type&quot;:&quot;chars, words&quot;}\">Compa\u00f1\u00eda del Sur Film &amp; Production<br \/>\nUn equipo con trayectoria global<\/h1>\n<h5 style=\"color: white; font-size: 19px;\">Combinamos creatividad, experiencia, t\u00e9cnica y visi\u00f3n estrat\u00e9gica para dar vida a proyectos audiovisuales memorables.<br \/>\nHemos producido documentales, series y comerciales en Chile, M\u00e9xico, Colombia, Argentina, Uruguay y Estados Unidos, aportando siempre una mirada innovadora y profesional.<\/h5>\n<p><a href=\"#\" data-localscroll=\"true\" data-localscroll-options=\"{&quot;scrollBelowSection&quot;:true}\"><br \/>\nAcerca de C-D-S<br \/>\n<\/a><br \/>\n<a href=\"#\" data-localscroll=\"true\" data-localscroll-options=\"{&quot;scrollBelowSection&quot;:true}\"><br \/>\nOur Services<br \/>\n<\/a><br \/>\n<a href=\"#\" data-localscroll=\"true\" data-localscroll-options=\"{&quot;scrollBelowSection&quot;:true}\"><br \/>\nStart a Project<br \/>\n<\/a><\/p>\n<h6>Meet c-d-s<\/h6>\n<h2>Creativa<\/h2>\n<h2>y visionaria.<\/h2>\n<p>Compa\u00f1\u00eda del Sur Film &amp; Production une <b>creatividad, t\u00e9cnica y narrativa<\/b> para desarrollar producciones audiovisuales de alto nivel en cine, series, publicidad y fotograf\u00eda, <b>aportando valor y emoci\u00f3n a cada historia.<\/b><\/p>\n<h5>Projects Completed This Year.<\/h5>\n<p>471<br \/>\n<img loading=\"lazy\" decoding=\"async\" src=\"https:\/\/staging.liquid-themes.com\/arc-interiordesign2\/wp-content\/uploads\/2022\/03\/Placeholder.jpg\" alt=\"\" width=\"760\" height=\"920\" \/><\/p>\n<p><img loading=\"lazy\" decoding=\"async\" src=\"https:\/\/staging.liquid-themes.com\/arc-interiordesign2\/wp-content\/uploads\/2022\/03\/Placeholder-1.jpg\" alt=\"\" width=\"893\" height=\"828\" \/><\/p>\n<p><img loading=\"lazy\" decoding=\"async\" src=\"https:\/\/staging.liquid-themes.com\/arc-interiordesign2\/wp-content\/uploads\/2022\/03\/Placeholder-2.jpg\" alt=\"\" width=\"605\" height=\"613\" \/><\/p>\n<p><img loading=\"lazy\" decoding=\"async\" src=\"https:\/\/staging.liquid-themes.com\/arc-interiordesign2\/wp-content\/uploads\/2022\/03\/Placeholder-3.jpg\" alt=\"\" width=\"838\" height=\"718\" \/><\/p>\n<figure class=\"w-100 pos-rel\" data-reveal=\"true\" data-reveal-options=\"{&quot;direction&quot;:&quot;lr&quot;,&quot;appendMarkup&quot;:false,&quot;initialCoverArea&quot;:0}\"><img loading=\"lazy\" decoding=\"async\" src=\"https:\/\/companiadelsur.com\/wp-content\/uploads\/2022\/03\/2.jpg\" sizes=\"auto, (max-width: 428px) 100vw, 428px\" srcset=\"https:\/\/companiadelsur.com\/wp-content\/uploads\/2022\/03\/2.jpg 428w, https:\/\/companiadelsur.com\/wp-content\/uploads\/2022\/03\/2-296x300.jpg 296w\" alt=\"\" width=\"428\" height=\"434\" \/><\/figure>\n<figure class=\"w-100 pos-rel\" data-reveal=\"true\" data-reveal-options=\"{&quot;direction&quot;:&quot;lr&quot;,&quot;appendMarkup&quot;:false,&quot;delay&quot;:&quot;250&quot;,&quot;initialCoverArea&quot;:0}\"><img loading=\"lazy\" decoding=\"async\" src=\"https:\/\/companiadelsur.com\/wp-content\/uploads\/2022\/03\/3.jpg\" sizes=\"auto, (max-width: 482px) 100vw, 482px\" srcset=\"https:\/\/companiadelsur.com\/wp-content\/uploads\/2022\/03\/3.jpg 482w, https:\/\/companiadelsur.com\/wp-content\/uploads\/2022\/03\/3-270x300.jpg 270w\" alt=\"\" width=\"482\" height=\"536\" \/><\/figure>\n<p>Read the story<\/p>\n<figure class=\"w-100 pos-rel\" data-reveal=\"true\" data-reveal-options=\"{&quot;direction&quot;:&quot;lr&quot;,&quot;appendMarkup&quot;:false,&quot;initialCoverArea&quot;:0}\"><img loading=\"lazy\" decoding=\"async\" src=\"https:\/\/companiadelsur.com\/wp-content\/uploads\/2022\/03\/1.jpg\" sizes=\"auto, (max-width: 615px) 100vw, 615px\" srcset=\"https:\/\/companiadelsur.com\/wp-content\/uploads\/2022\/03\/1.jpg 615w, https:\/\/companiadelsur.com\/wp-content\/uploads\/2022\/03\/1-246x300.jpg 246w\" alt=\"\" width=\"615\" height=\"751\" \/><\/figure>\n<h2>Building the<\/h2>\n<h2>future cities<\/h2>\n<h4><a role=\"button\" href=\"#collapse-6851\" data-toggle=\"collapse\" data-parent=\"#accordion-68e6ea3674b9e\" aria-expanded=\"true\" aria-controls=\"collapse-6851\"><br \/>\nBuilding the future cities<br \/>\n<\/a><\/h4>\n<p>Many strands of place-making, environmental stewardship, social equity and economic viability into <b>the creation of places<\/b> with distinct beauty and identity.<\/p>\n<h4><a role=\"button\" href=\"#collapse-6852\" data-toggle=\"collapse\" data-parent=\"#accordion-68e6ea3674b9e\" aria-expanded=\"false\" aria-controls=\"collapse-6852\"><br \/>\nUnique and influential design<br \/>\n<\/a><\/h4>\n<p>Many strands of place-making, environmental stewardship, social equity and economic viability into <b>the creation of places<\/b> with distinct beauty and identity.<\/p>\n<h4><a role=\"button\" href=\"#collapse-6853\" data-toggle=\"collapse\" data-parent=\"#accordion-68e6ea3674b9e\" aria-expanded=\"false\" aria-controls=\"collapse-6853\"><br \/>\nAward-winning Architecture<br \/>\n<\/a><\/h4>\n<p>Many strands of place-making, environmental stewardship, social equity and economic viability into <b>the creation of places<\/b> with distinct beauty and identity.<\/p>\n<p>&nbsp;<\/p>\n<h3><i style=\"font-family: Playfair Display; font-weight: 400;\">Nuestro<\/i> Sello<\/h3>\n<p>Calidad, innovaci\u00f3n y un equipo con m\u00e1s de <b>30 a\u00f1os de experiencia en rodajes nacionales e internacionales<\/b>, trabajando junto a grandes marcas.<\/p>\n<p>&nbsp;<\/p>\n<h3><i style=\"font-family: Playfair Display; font-weight: 400;\">Servicios<\/i> de Producci\u00f3n<\/h3>\n<p>Brindamos una gama completa de servicios de <b>producci\u00f3n cinematogr\u00e1fica<\/b> para garantizar que su proyecto se ejecute con exactitud y creatividad + Still photography.<\/p>\n<p>&nbsp;<\/p>\n<h3><i style=\"font-family: Playfair Display; font-weight: 400;\">Creativa<\/i> y Global<\/h3>\n<p>Ofrecemos <b>servicios integrales de producci\u00f3n y postproducci\u00f3n<\/b> con est\u00e1ndares internacionales, combinando talento, precisi\u00f3n t\u00e9cnica y una mirada profundamente humana.<\/p>\n<h6>1. Fotograf\u00eda Profesional<\/h6>\n<h2>Historias que trascienden,<\/h2>\n<h2>im\u00e1genes que permanecen.<\/h2>\n<p>Somos una productora creativa y cinematogr\u00e1fica con base en Chile, <b>especializada en la creaci\u00f3n de contenidos audiovisuales<\/b> para, cine, series, televisi\u00f3n y comerciales, adem\u00e1s de fotograf\u00eda profesional y postproducci\u00f3n.<\/p>\n<p><a href=\"https:\/\/staging.liquid-themes.com\/arc-interiordesign2\/portfolio\/modern-architecture\/\" target=\"_blank\" rel=\"noopener\"><br \/>\n\u2e3a \u00a0 Learn more<br \/>\n<\/a><br \/>\n<a class=\"d-block lqd-overlay z-index-3\" href=\"https:\/\/staging.liquid-themes.com\/arc-interiordesign2\/portfolio\/modern-architecture\/\" target=\"_blank\" rel=\"noopener\"><br \/>\n<\/a><\/p>\n<h6>2. City marks<\/h6>\n<h2>Nuestra Experiencia<\/h2>\n<h2>Nos Respalda.<\/h2>\n<p>Sabemos c\u00f3mo filmar en cualquier condici\u00f3n, definimos y seleccionamos las mejores locaciones, <b>dominamos la gesti\u00f3n de permisos y regulaciones de rodaje<\/b>, y contamos con un equipo biling\u00fce (ingl\u00e9s\u2013espa\u00f1ol) preparado para producciones internacionales.<\/p>\n<p><a href=\"https:\/\/staging.liquid-themes.com\/arc-interiordesign2\/portfolio\/data-analysis\/\" target=\"_blank\" rel=\"noopener\"><br \/>\n\u2e3a \u00a0 Learn more<br \/>\n<\/a><br \/>\n<a class=\"d-block lqd-overlay z-index-3\" href=\"https:\/\/staging.liquid-themes.com\/arc-interiordesign2\/portfolio\/data-analysis\/\" target=\"_blank\" rel=\"noopener\"><br \/>\n<\/a><\/p>\n<h6>3. Construction<\/h6>\n<h2>Producci\u00f3n<\/h2>\n<h2>Cinematogr\u00e1fica.<\/h2>\n<p>Brindamos una gama completa de <b>servicios de producci\u00f3n de cine, series, cortometrajes, comerciales y documentales.<\/b> Acompa\u00f1amos cada etapa del proceso creativo y t\u00e9cnico para garantizar resultados de calidad cinematogr\u00e1fica.<\/p>\n<p><a href=\"https:\/\/staging.liquid-themes.com\/arc-interiordesign2\/portfolio\/services\/\" target=\"_blank\" rel=\"noopener\"><br \/>\n\u2e3a \u00a0 Learn more<br \/>\n<\/a><br \/>\n<a class=\"d-block lqd-overlay z-index-3\" href=\"https:\/\/staging.liquid-themes.com\/arc-interiordesign2\/portfolio\/services\/\" target=\"_blank\" rel=\"noopener\"><br \/>\n<\/a><br \/>\n30+<\/p>\n<p><b>Years of experience.<\/b> Urban design draws together the many strands of place-making,<\/p>\n<p>80%<\/p>\n<p><b>Years of experience.<\/b> Urban design draws together the many strands of place-making,<\/p>\n<p>348m<\/p>\n<p><b>Years of experience.<\/b> Urban design draws together the many strands of place-making,<\/p>\n<h2>International<\/h2>\n<h2>Awards<\/h2>\n<p>Through a unique combination of engineering, construction and design disciplines and expertise.<\/p>\n<p><a href=\"https:\/\/staging.liquid-themes.com\/arc-interiordesign2\/services\/\" target=\"_blank\" rel=\"noopener\"><br \/>\nSee more<br \/>\n<\/a><\/p>\n<h4>Brooklyn Residence<\/h4>\n<p>Interior Design<\/p>\n<h4>Pritzker Architecture<\/h4>\n<p>2022<\/p>\n<h4>Maldives Garden<\/h4>\n<p>Architecture<\/p>\n<h4>Red Dot Design Award<\/h4>\n<p>2021<\/p>\n<h4>South Florida Towers<\/h4>\n<p>Interior Design<\/p>\n<h4>Ribba Architecture<\/h4>\n<p>2019<\/p>\n<h4>Tokyo Library<\/h4>\n<p>City Marks<\/p>\n<h4>Pritzker Architecture<\/h4>\n<p>2017<\/p>\n<h2>Recent<\/h2>\n<h2>W-A News<\/h2>\n<p><a href=\"#\"><br \/>\nRead more<br \/>\n<\/a><\/p>\n<article id=\"post-1\">\n<footer><a href=\"https:\/\/companiadelsur.com\/?p=1\"><br \/>\nread<br \/>\n<\/a><\/footer>\n<p>Tags<\/p>\n<ul>\n<li><a href=\"https:\/\/companiadelsur.com\/?cat=1\" rel=\"category\">Sin categor\u00eda<\/a><\/li>\n<\/ul>\n<header>\n<h2><a href=\"https:\/\/companiadelsur.com\/?p=1\" data-split-text=\"true\" data-split-options=\"{&quot;type&quot;: &quot;lines&quot;, &quot;disableOnMobile&quot;: true}\">\u00a1Hola mundo!<\/a><\/h2>\n<\/header>\n<p>&nbsp;<\/p>\n<\/article>\n<article id=\"post-3500\">\n<figure><img loading=\"lazy\" decoding=\"async\" src=\"https:\/\/companiadelsur.com\/wp-content\/uploads\/2020\/09\/Image.jpg\" sizes=\"auto, (max-width: 740px) 100vw, 740px\" srcset=\"https:\/\/companiadelsur.com\/wp-content\/uploads\/2020\/09\/Image.jpg 740w, https:\/\/companiadelsur.com\/wp-content\/uploads\/2020\/09\/Image-278x300.jpg 278w\" alt=\"\" width=\"740\" height=\"800\" \/><\/figure>\n<footer><a href=\"https:\/\/companiadelsur.com\/?p=3500\"><br \/>\nread<br \/>\n<\/a><\/footer>\n<p>Tags<\/p>\n<ul>\n<li><a href=\"https:\/\/companiadelsur.com\/?cat=2\" rel=\"category\">Global<\/a><\/li>\n<\/ul>\n<header>\n<h2><a href=\"https:\/\/companiadelsur.com\/?p=3500\" data-split-text=\"true\" data-split-options=\"{&quot;type&quot;: &quot;lines&quot;, &quot;disableOnMobile&quot;: true}\">Collective Living Challenge In modern design<\/a><\/h2>\n<\/header>\n<p>&nbsp;<\/p>\n<\/article>\n<article id=\"post-3501\">\n<figure><img loading=\"lazy\" decoding=\"async\" src=\"https:\/\/companiadelsur.com\/wp-content\/uploads\/2020\/09\/Image-1.jpg\" sizes=\"auto, (max-width: 740px) 100vw, 740px\" srcset=\"https:\/\/companiadelsur.com\/wp-content\/uploads\/2020\/09\/Image-1.jpg 740w, https:\/\/companiadelsur.com\/wp-content\/uploads\/2020\/09\/Image-1-278x300.jpg 278w\" alt=\"\" width=\"740\" height=\"800\" \/><\/figure>\n<footer><a href=\"https:\/\/companiadelsur.com\/?p=3501\"><br \/>\nread<br \/>\n<\/a><\/footer>\n<p>Tags<\/p>\n<ul>\n<li><a href=\"https:\/\/companiadelsur.com\/?cat=4\" rel=\"category\">Office<\/a><\/li>\n<\/ul>\n<header>\n<h2><a href=\"https:\/\/companiadelsur.com\/?p=3501\" data-split-text=\"true\" data-split-options=\"{&quot;type&quot;: &quot;lines&quot;, &quot;disableOnMobile&quot;: true}\">Building the architecture of the future cities<\/a><\/h2>\n<\/header>\n<p>&nbsp;<\/p>\n<\/article>\n<p><!--\/ .row --><!--\/ .lqd-lp-grid --><br \/>\n<a href=\"https:\/\/companiadelsur.com\/\" rel=\"home\"><img decoding=\"async\" src=\"https:\/\/companiadelsur.com\/wp-content\/uploads\/2025\/10\/logo-Compania-del-Sur_w-300x82-1.png\" alt=\"Compa\u00f1\u00eda del Sur\" \/> <img decoding=\"async\" src=\"https:\/\/companiadelsur.com\/wp-content\/uploads\/2025\/10\/logo-Compania-del-Sur-300x82-1.png\" alt=\"Compa\u00f1\u00eda del Sur\" \/> <img decoding=\"async\" src=\"https:\/\/companiadelsur.com\/wp-content\/uploads\/2025\/10\/logo-Compania-del-Sur_w-300x82-1.png\" srcset=\"https:\/\/companiadelsur.com\/wp-content\/uploads\/2025\/10\/logo-Compania-del-Sur_w-300x82-1.png 2x\" alt=\"Compa\u00f1\u00eda del Sur\" \/><\/a><br \/>\n<a href=\"https:\/\/companiadelsur.com\/\" rel=\"home\"><img decoding=\"async\" src=\"https:\/\/companiadelsur.com\/wp-content\/uploads\/2025\/10\/logo-Compania-del-Sur_w-300x82-1.png\" alt=\"Compa\u00f1\u00eda del Sur\" \/> <img decoding=\"async\" src=\"https:\/\/companiadelsur.com\/wp-content\/uploads\/2025\/10\/logo-Compania-del-Sur-300x82-1.png\" alt=\"Compa\u00f1\u00eda del Sur\" \/> <img decoding=\"async\" src=\"https:\/\/companiadelsur.com\/wp-content\/uploads\/2025\/10\/logo-Compania-del-Sur_w-300x82-1.png\" srcset=\"https:\/\/companiadelsur.com\/wp-content\/uploads\/2025\/10\/logo-Compania-del-Sur_w-300x82-1.png 2x\" alt=\"Compa\u00f1\u00eda del Sur\" \/><\/a>[\/vc_column_text][\/vc_column][\/vc_row]<\/p>\n<\/div>","protected":false},"excerpt":{"rendered":"<p>[vc_row][vc_column][\/vc_column][\/vc_row][vc_row][vc_column][vc_column_text] Compa\u00f1\u00eda del Sur Film &amp; Production Un equipo con trayectoria global Combinamos creatividad, experiencia, t\u00e9cnica y visi\u00f3n estrat\u00e9gica para dar vida a proyectos audiovisuales memorables. Hemos producido documentales, series y comerciales en Chile, M\u00e9xico, Colombia, Argentina, Uruguay y Estados Unidos, aportando siempre una mirada innovadora y profesional. Acerca de C-D-S Our Services Start a [&hellip;]<\/p>\n","protected":false},"author":1,"featured_media":0,"parent":0,"menu_order":0,"comment_status":"closed","ping_status":"closed","template":"page-templates\/template-fullwidth.php","meta":{"footnotes":""},"class_list":["post-12","page","type-page","status-publish","hentry"],"_links":{"self":[{"href":"https:\/\/companiadelsur.com\/index.php?rest_route=\/wp\/v2\/pages\/12","targetHints":{"allow":["GET"]}}],"collection":[{"href":"https:\/\/companiadelsur.com\/index.php?rest_route=\/wp\/v2\/pages"}],"about":[{"href":"https:\/\/companiadelsur.com\/index.php?rest_route=\/wp\/v2\/types\/page"}],"author":[{"embeddable":true,"href":"https:\/\/companiadelsur.com\/index.php?rest_route=\/wp\/v2\/users\/1"}],"replies":[{"embeddable":true,"href":"https:\/\/companiadelsur.com\/index.php?rest_route=%2Fwp%2Fv2%2Fcomments&post=12"}],"version-history":[{"count":123,"href":"https:\/\/companiadelsur.com\/index.php?rest_route=\/wp\/v2\/pages\/12\/revisions"}],"predecessor-version":[{"id":8985,"href":"https:\/\/companiadelsur.com\/index.php?rest_route=\/wp\/v2\/pages\/12\/revisions\/8985"}],"wp:attachment":[{"href":"https:\/\/companiadelsur.com\/index.php?rest_route=%2Fwp%2Fv2%2Fmedia&parent=12"}],"curies":[{"name":"wp","href":"https:\/\/api.w.org\/{rel}","templated":true}]}}